{"id":284,"date":"2025-04-07T12:43:18","date_gmt":"2025-04-07T12:43:18","guid":{"rendered":"https:\/\/ilgroglio.it\/?page_id=284"},"modified":"2025-11-03T14:25:57","modified_gmt":"2025-11-03T14:25:57","slug":"chi-siamo","status":"publish","type":"page","link":"https:\/\/ilgroglio.it\/index.php\/chi-siamo\/","title":{"rendered":"Chi Siamo"},"content":{"rendered":"\t\t<div data-elementor-type=\"wp-page\" data-elementor-id=\"284\" class=\"elementor elementor-284\" data-elementor-post-type=\"page\">\n\t\t\t\t<div class=\"elementor-element elementor-element-c320f41 e-con-full e-flex e-con e-parent\" data-id=\"c320f41\" data-element_type=\"container\" data-settings=\"{&quot;background_background&quot;:&quot;classic&quot;}\">\n\t\t<div class=\"elementor-element elementor-element-8bb7ae8 e-con-full e-flex e-con e-child\" data-id=\"8bb7ae8\" data-element_type=\"container\">\n\t\t\t\t<div class=\"elementor-element elementor-element-49081e5 elementor-widget elementor-widget-heading\" data-id=\"49081e5\" data-element_type=\"widget\" data-widget_type=\"heading.default\">\n\t\t\t\t<div class=\"elementor-widget-container\">\n\t\t\t\t\t<h2 class=\"elementor-heading-title elementor-size-default\">LA NOSTRA STORIA<\/h2>\t\t\t\t<\/div>\n\t\t\t\t<\/div>\n\t\t\t\t<div class=\"elementor-element elementor-element-8de9fc6 elementor-widget elementor-widget-text-editor\" data-id=\"8de9fc6\" data-element_type=\"widget\" data-widget_type=\"text-editor.default\">\n\t\t\t\t<div class=\"elementor-widget-container\">\n\t\t\t\t\t\t\t\t\t<p><span style=\"font-weight: 400;\">Tutto ebbe inizio pi\u00f9 di mezzo secolo fa.\u00a0<\/span><\/p><p><span style=\"font-weight: 400;\">Io sono Nicoletta e mai nella vita avrei immaginato di appassionarmi cos\u00ec tanto al mondo dei matrimoni!<\/span><\/p><p><span style=\"font-weight: 400;\">La storia del Groglio comincia quando il nonno di mio marito decide di comprare questo terreno, per ampliare la sua azienda agricola.<\/span><\/p><p><span style=\"font-weight: 400;\">All&#8217;epoca l\u2019immobile faceva gi\u00e0 parte della propriet\u00e0, bench\u00e9 fosse molto pi\u00f9 piccolo, cos\u00ec la famiglia inizialmente lo affitta ad un mezzadro, e successivamente ci si trasferisce con l&#8217;intento di abitarci.<\/span><\/p><p><span style=\"font-weight: 400;\">Ma i miei suoceri, spiriti intraprendenti e visionari, poco distante possedevano gi\u00e0 una trattoria, dove oltre alla gente del posto, anche chi andava da Torino al mare si fermava per ristorarsi. Ci troviamo infatti sull&#8217;attuale asse dell&#8217;autostrada A6 Torino-Savona, e a quel tempo c&#8217;era un gran traffico.<\/span><\/p><p><span style=\"font-weight: 400;\">All&#8217;epoca, tra i clienti della trattoria c&#8217;era anche un caro amico, che doveva celebrare la prima comunione della figlia.\u00a0<\/span><\/p><p><span style=\"font-weight: 400;\">Avendo visto la bellissima cascina del Groglio immersa nel verde e restaurata, l&#8217;amico chiese a mio suocero di organizzare l\u00ec la festa, con numerosi invitati.<\/span><\/p><p><span style=\"font-weight: 400;\">L&#8217;esperimento fu un successo! I miei suoceri furono i primi in zona a proporre un nuovo format per i ricevimenti, utilizzando anche gli spazi esterni.\u00a0 Da quel momento nacque l&#8217;idea di realizzare al Groglio un vero e proprio ristorante, dove poter gustare i sapori tipici di questo angolo di Piemonte.\u00a0<\/span><\/p><p><span style=\"font-weight: 400;\">Detto\u2026 fatto!<\/span><\/p><p><span style=\"font-weight: 400;\">Nel corso degli anni avviene la trasformazione dell&#8217;antico cascinale di famiglia, e in breve Il Groglio, nome della localit\u00e0 che lo ospita, diventa il locale di punta dei ricevimenti all&#8217;aperto della zona.<\/span><\/p><p><span style=\"font-weight: 400;\">A differenza di altri ristoranti, \u00e8 l&#8217;unico ad offrire la possibilit\u00e0 di servire aperitivi in giardino e cene nelle sale interne. Sale capienti e ben ristrutturate per grandi eventi, con dettagli in mattoni a vista e con tinte che riprendono gli elementi della natura.<\/span><\/p><p><span style=\"font-weight: 400;\">Il 1994, oltre ad essere l\u2019anno della grande alluvione, per la famiglia Chiera \u00e8 un anno di avvicendamenti nella gestione del Groglio: Carlo (mio marito), poco pi\u00f9 che ventenne, decide di prendersi cura personalmente del locale di famiglia.<\/span><\/p><p><span style=\"font-weight: 400;\"><br \/><\/span><span style=\"font-weight: 400;\">Intanto nel 1997 ci sposiamo, ed entro in scena anche io, Nicoletta, e tra contrasti generazionali, diversit\u00e0 di vedute e nuove sfide da affrontare, io e Carlo riusciamo a prendere in mano le redini del ristorante.<\/span><span style=\"font-weight: 400;\"><br \/><\/span><\/p><p>\u00a0<\/p><p><span style=\"font-weight: 400;\">Negli anni, poco alla volta, ampliamo e rinnoviamo l&#8217;intera struttura, aggiungendo anche una piscina, tutta la raffinata zona ad essa adiacente e alcune camere, e non finisce tutto qui! Ci divertiamo a stare al passo con i tempi costantemente!<\/span><\/p><p><span style=\"font-weight: 400;\">Infatti, io e Carlo ci stanchiamo di vedere le cose invariate, quindi spesso e volentieri apportiamo modifiche, anche solo piccoli lavoretti, per rendere sempre migliore l&#8217;esperienza dei nostri ospiti.<\/span><span style=\"font-weight: 400;\"><br \/><\/span><span style=\"font-weight: 400;\"><br \/><\/span><span style=\"font-weight: 400;\">Da un anno a questa parte, a noi si \u00e8 aggiunto nostro figlio Luca, che ha frequentato la scuola alberghiera di Mondov\u00ec e l\u2019ALMA di Parma, oltre a numerosi corsi da barman in una scuola internazionale di Milano.<\/span><\/p><p><span style=\"font-weight: 400;\">E cos\u00ec, finalmente, passato e futuro si uniscono!<\/span><\/p><p><span style=\"font-weight: 400;\">Il cerchio si chiude, e come genitori siamo fieri e orgogliosi di avere Luca al nostro fianco, con noi, al Groglio!<\/span><\/p>\t\t\t\t\t\t\t\t<\/div>\n\t\t\t\t<\/div>\n\t\t\t\t<div class=\"elementor-element elementor-element-d07d349 elementor-widget elementor-widget-heading\" data-id=\"d07d349\" data-element_type=\"widget\" data-widget_type=\"heading.default\">\n\t\t\t\t<div class=\"elementor-widget-container\">\n\t\t\t\t\t<h2 class=\"elementor-heading-title elementor-size-default\">LA NOSTRA STRUTTURA:<\/h2>\t\t\t\t<\/div>\n\t\t\t\t<\/div>\n\t\t\t\t<div class=\"elementor-element elementor-element-fdbe12a elementor-widget elementor-widget-text-editor\" data-id=\"fdbe12a\" data-element_type=\"widget\" data-widget_type=\"text-editor.default\">\n\t\t\t\t<div class=\"elementor-widget-container\">\n\t\t\t\t\t\t\t\t\t<p><span style=\"font-weight: 400;\">Ed ora ecco un piccolo tour virtuale della location<\/span><\/p>\t\t\t\t\t\t\t\t<\/div>\n\t\t\t\t<\/div>\n\t\t\t\t<div class=\"elementor-element elementor-element-07c1351 elementor-widget elementor-widget-image\" data-id=\"07c1351\" data-element_type=\"widget\" data-widget_type=\"image.default\">\n\t\t\t\t<div class=\"elementor-widget-container\">\n\t\t\t\t\t\t\t\t\t\t\t\t\t\t\t<img fetchpriority=\"high\" decoding=\"async\" width=\"800\" height=\"533\" src=\"https:\/\/ilgroglio.it\/wp-content\/uploads\/2024\/03\/e4624df4-d640-4023-a819-06b77f17c2d9_2_25795-160416646338905.jpeg\" class=\"attachment-large size-large wp-image-138\" alt=\"\" srcset=\"https:\/\/ilgroglio.it\/wp-content\/uploads\/2024\/03\/e4624df4-d640-4023-a819-06b77f17c2d9_2_25795-160416646338905.jpeg 960w, https:\/\/ilgroglio.it\/wp-content\/uploads\/2024\/03\/e4624df4-d640-4023-a819-06b77f17c2d9_2_25795-160416646338905-300x200.jpeg 300w, https:\/\/ilgroglio.it\/wp-content\/uploads\/2024\/03\/e4624df4-d640-4023-a819-06b77f17c2d9_2_25795-160416646338905-768x512.jpeg 768w\" sizes=\"(max-width: 800px) 100vw, 800px\" \/>\t\t\t\t\t\t\t\t\t\t\t\t\t\t\t<\/div>\n\t\t\t\t<\/div>\n\t\t\t\t<div class=\"elementor-element elementor-element-c1ce088 elementor-widget elementor-widget-text-editor\" data-id=\"c1ce088\" data-element_type=\"widget\" data-widget_type=\"text-editor.default\">\n\t\t\t\t<div class=\"elementor-widget-container\">\n\t\t\t\t\t\t\t\t\t<p><b>Il parcheggio privato, <\/b><span style=\"font-weight: 400;\">pavimentato, ampio e dedicato all\u2019evento, \u00e8 adiacente alla struttura, ed \u00e8 privo di barriere architettoniche. Da qui si accede subito alla parte pi\u00f9 storica dell&#8217;antico cascinale.<\/span><\/p><p><span style=\"font-weight: 400;\">Si entra attraverso un cancello con i pilastri di mattoni a vista, e di fronte, sulla destra, ci si ritrova nel <\/span><b>Giardino dei Pini<\/b><span style=\"font-weight: 400;\">, luogo che spesso viene utilizzato per l&#8217;aperitivo, oppure per celebrare le <\/span><b>cerimonie simboliche<\/b><span style=\"font-weight: 400;\"> pi\u00f9 intime.<\/span><\/p><p><span style=\"font-weight: 400;\">In questo giardino ombreggiato naturalmente abbiamo alcune pergole sotto le quali serviamo l&#8217;aperitivo a giro braccio, quindi comodamente seduti. Il Giardino dei Pini pu\u00f2 essere utilizzato sia per l\u2019accoglienza e l&#8217;aperitivo, sia per il taglio torta e il lancio del bouquet, sia per una cerimonia simbolica un pochino pi\u00f9 raccolta.<\/span><\/p><p><span style=\"font-weight: 400;\">Troverete qui anche la postazione del servizio bevande (un vecchio container che abbiamo recuperato al porto di Genova e che Carlo e\u00a0 Luca hanno riadattato come bar), con i camerieri, e le <\/span><b>eventuali isole e corner tematici<\/b><span style=\"font-weight: 400;\">, se richiesti (ad esempio l&#8217;isola dei salumi affettati al momento, l&#8217;angolo del sushi, il corner degli antipasti piemontesi in monoporzione,\u00a0 ecc.).<\/span><span style=\"font-weight: 400;\"><br \/><\/span><\/p><p><span style=\"font-weight: 400;\">A sinistra del cancello abbiamo l&#8217;ingresso al <\/span><b>salone principale.<\/b><\/p><p><span style=\"font-weight: 400;\">\u00c8 un salone modulare, climatizzato, la sua capienza arriva comodamente fino a 250 persone, con tavoli rotondi. Nella nostra zona siamo una delle poche strutture studiate per eventi numerosi.\u00a0<\/span><\/p><p><span style=\"font-weight: 400;\">Il salone \u00e8 molto apprezzato perch\u00e9 permette a tutti gli ospiti di stare insieme, senza barriere divisorie e senza pilastri, favorendo la convivialit\u00e0 e facendo sentire tutti a proprio agio, a godere della presenza degli sposi, nessuno escluso.\u00a0<\/span><\/p><p><span style=\"font-weight: 400;\">\u00c8 caratterizzato da tre grandi volte a botte in mattoni a vista, tipiche della zona delle Langhe Monregalesi; le sue tinte naturali e l\u2019illuminazione a led lo rendono attuale e adattabile ad ogni stile.<\/span><\/p><p><b>Terrazza coperta attigua al salone:<\/b><span style=\"font-weight: 400;\"> \u00e8 un&#8217;ottima soluzione come piano B per gli aperitivi, per la cerimonia o per la festa, nonch\u00e9 come spazio giochi per i bambini.<\/span><\/p><p><span style=\"font-weight: 400;\">Abbiamo poi un altro ambiente sul fondo del salone principale che utilizziamo in caso di eventi numerosi, collegato da una vetrata scorrevole che, aprendosi, diventa un tutt&#8217;uno esso.<\/span><\/p><p><b>Abbiamo eliminato le barriere architettoniche<\/b><span style=\"font-weight: 400;\">, resta un unico gradino da 10 cm. all&#8217;ingresso, ma con accanto una rampa di accesso per disabili.<\/span><\/p><p><span style=\"font-weight: 400;\">Su tutto il perimetro del salone e della terrazza il contatto visivo con l&#8217;esterno \u00e8 sempre assicurato, grazie alle ampie vetrate.<\/span><\/p><p><span style=\"font-weight: 400;\">E questo costituisce <\/span><b>il nostro piano B<\/b><span style=\"font-weight: 400;\"> in caso di pioggia, permettendovi di rimanere al coperto, con la sensazione di essere all&#8217;esterno. Insomma, un piano B che non ti chiude in un solo ambiente, e che \u00e8 direttamente collegato col giardino nel caso in cui il tempo migliorasse! Ideale per l&#8217;aperitivo o la festa danzante o per proseguire la serata ma usato anche come piano B per le cerimonie simboliche pi\u00f9 raccolte.<\/span><\/p><p><span style=\"font-weight: 400;\">A differenza di altri, che affrontano il piano B con strutture improvvisate o tendoni, noi abbiamo strutture fisse, riscaldabili e ben solide, a prova di tempesta!<\/span><\/p><p><span style=\"font-weight: 400;\">Immagina la tua festa, i tuoi balli, i tuoi ospiti&#8230; Immagina la serenit\u00e0 di essere completamente al riparo in una giornata di maltempo, e di poter stare tranquilli a festeggiare completamente all&#8217;asciutto, protetti da pareti in vetro che lasciano godere appieno dei colori della natura circostante, mentre la festa continua&#8230;<\/span><span style=\"font-weight: 400;\"><br \/><\/span><\/p><p><span style=\"font-weight: 400;\">A pochi metri dal cancello di ingresso, immersa nel verde, la <\/span><b>piscina<\/b><span style=\"font-weight: 400;\"> decorativa, con i suoi spazi esterni e le aree coperte, \u00e8 il punto focale della festa.\u00a0<\/span><\/p><p><span style=\"font-weight: 400;\">Qui, un\u2019ulteriore <\/span><b>struttura in muratura, a pianta triangolare<\/b><span style=\"font-weight: 400;\">, con un particolare tetto a forma di foglia, spesso viene utilizzata per il momento dell&#8217;aperitivo, per la cerimonia simbolica, oppure per il taglio torta, per l\u2019after party con la postazione del DJ, per scatenarsi ballando fino a tarda notte.<\/span><\/p><p><b>Il Boschetto<\/b><span style=\"font-weight: 400;\">: un&#8217;ampia area verde di fronte alla zona piscina, panoramica e ombreggiata naturalmente. La zona pi\u00f9 naturale, con grandi aceri, tigli, cedri del Libano, per una vera full-immersion nel verde, circondata tutt\u2019intorno da dolci colline. Luogo ideale per foto indimenticabili o per una cerimonia simbolica a stretto contatto con la natura.<\/span><\/p><p><b>Filari di vite<\/b><span style=\"font-weight: 400;\">: un&#8217;ulteriore cornice naturale per un momento particolare della giornata, come cerimonia, taglio torta o per foto.<\/span><\/p><p><b>Cucine interne <\/b><span style=\"font-weight: 400;\">(s\u00ec, ne abbiamo pi\u00f9 di una!) integrate alle strutture e attigue ai locali del ricevimento per garantire in qualsiasi momento dell\u2019evento la massima qualit\u00e0 del servizio e la freschezza dei cibi.\u00a0<\/span><\/p><p><span style=\"font-weight: 400;\">Le pietanze escono dalla cucina e arrivano direttamente all\u2019aperitivo, ai tavoli o all\u2019after party!<\/span><\/p><p><b>Camere per il pernottamento:<\/b><span style=\"font-weight: 400;\"> il Groglio vi mette a disposizione 6 camere matrimoniali<\/span> <span style=\"font-weight: 400;\">per consentire agli sposi e ai famigliari o agli amici pi\u00f9 stretti di fermarsi a dormire dopo i festeggiamenti (no ospiti esterni) o di prepararsi per la cerimonia simbolica in location.<\/span><\/p><p><span style=\"font-weight: 400;\">Una comodit\u00e0 da non perdere, soprattutto se desiderate organizzare una festa serale e volete divertirvi con musica e open bar ad oltranza.<\/span><span style=\"font-weight: 400;\"><br \/><\/span><\/p><p><span style=\"font-weight: 400;\">Quanto vale la comodit\u00e0 di <\/span><span style=\"font-weight: 400;\">festeggiare fino a tarda notte e poi salire in camera per riposare senza dover effettuare spostamenti con i mezzi?<\/span><\/p><p><span style=\"font-weight: 400;\">E alzarsi e fare colazione con calma il giorno successivo nello stesso luogo senza mettersi in viaggio, ritrovando i propri cari dopo aver festeggiato e riposato?<\/span><\/p>\t\t\t\t\t\t\t\t<\/div>\n\t\t\t\t<\/div>\n\t\t\t\t<\/div>\n\t\t<div class=\"elementor-element elementor-element-406da4e e-con-full e-flex e-con e-child\" data-id=\"406da4e\" data-element_type=\"container\" data-settings=\"{&quot;background_background&quot;:&quot;classic&quot;}\">\n\t\t\t\t<\/div>\n\t\t\t\t<\/div>\n\t\t\t\t<\/div>\n\t\t","protected":false},"excerpt":{"rendered":"<p>LA NOSTRA STORIA Tutto ebbe inizio pi\u00f9 di mezzo secolo fa.\u00a0 Io sono Nicoletta e mai nella vita avrei immaginato di appassionarmi cos\u00ec tanto al mondo dei matrimoni! La storia del Groglio comincia quando il nonno di mio marito decide di comprare questo terreno, per ampliare la sua azienda agricola. All&#8217;epoca l\u2019immobile faceva gi\u00e0 parte [&hellip;]<\/p>\n","protected":false},"author":1,"featured_media":0,"parent":0,"menu_order":0,"comment_status":"closed","ping_status":"closed","template":"elementor_header_footer","meta":{"footnotes":""},"class_list":["post-284","page","type-page","status-publish","hentry"],"yoast_head":"<!-- This site is optimized with the Yoast SEO plugin v26.2 - https:\/\/yoast.com\/wordpress\/plugins\/seo\/ -->\n<title>Chi siamo - Il Groglio<\/title>\n<meta name=\"description\" content=\"Chi siamo: la storia de Il Groglio, una famiglia che da oltre 50 anni unisce tradizione, passione e ospitalit\u00e0 nel cuore del Piemonte.\" \/>\n<meta name=\"robots\" content=\"index, follow, max-snippet:-1, max-image-preview:large, max-video-preview:-1\" \/>\n<link rel=\"canonical\" href=\"https:\/\/ilgroglio.it\/index.php\/chi-siamo\/\" \/>\n<meta property=\"og:locale\" content=\"it_IT\" \/>\n<meta property=\"og:type\" content=\"article\" \/>\n<meta property=\"og:title\" content=\"Chi siamo - Il Groglio\" \/>\n<meta property=\"og:description\" content=\"Chi siamo: la storia de Il Groglio, una famiglia che da oltre 50 anni unisce tradizione, passione e ospitalit\u00e0 nel cuore del Piemonte.\" \/>\n<meta property=\"og:url\" content=\"https:\/\/ilgroglio.it\/index.php\/chi-siamo\/\" \/>\n<meta property=\"og:site_name\" content=\"Il groglio\" \/>\n<meta property=\"article:modified_time\" content=\"2025-11-03T14:25:57+00:00\" \/>\n<meta property=\"og:image\" content=\"https:\/\/ilgroglio.it\/wp-content\/uploads\/2024\/03\/e4624df4-d640-4023-a819-06b77f17c2d9_2_25795-160416646338905.jpeg\" \/>\n<meta name=\"twitter:card\" content=\"summary_large_image\" \/>\n<meta name=\"twitter:label1\" content=\"Tempo di lettura stimato\" \/>\n\t<meta name=\"twitter:data1\" content=\"8 minuti\" \/>\n<script type=\"application\/ld+json\" class=\"yoast-schema-graph\">{\"@context\":\"https:\/\/schema.org\",\"@graph\":[{\"@type\":\"WebPage\",\"@id\":\"https:\/\/ilgroglio.it\/index.php\/chi-siamo\/\",\"url\":\"https:\/\/ilgroglio.it\/index.php\/chi-siamo\/\",\"name\":\"Chi siamo - Il Groglio\",\"isPartOf\":{\"@id\":\"https:\/\/ilgroglio.it\/#website\"},\"primaryImageOfPage\":{\"@id\":\"https:\/\/ilgroglio.it\/index.php\/chi-siamo\/#primaryimage\"},\"image\":{\"@id\":\"https:\/\/ilgroglio.it\/index.php\/chi-siamo\/#primaryimage\"},\"thumbnailUrl\":\"https:\/\/ilgroglio.it\/wp-content\/uploads\/2024\/03\/e4624df4-d640-4023-a819-06b77f17c2d9_2_25795-160416646338905.jpeg\",\"datePublished\":\"2025-04-07T12:43:18+00:00\",\"dateModified\":\"2025-11-03T14:25:57+00:00\",\"description\":\"Chi siamo: la storia de Il Groglio, una famiglia che da oltre 50 anni unisce tradizione, passione e ospitalit\u00e0 nel cuore del Piemonte.\",\"breadcrumb\":{\"@id\":\"https:\/\/ilgroglio.it\/index.php\/chi-siamo\/#breadcrumb\"},\"inLanguage\":\"it-IT\",\"potentialAction\":[{\"@type\":\"ReadAction\",\"target\":[\"https:\/\/ilgroglio.it\/index.php\/chi-siamo\/\"]}]},{\"@type\":\"ImageObject\",\"inLanguage\":\"it-IT\",\"@id\":\"https:\/\/ilgroglio.it\/index.php\/chi-siamo\/#primaryimage\",\"url\":\"https:\/\/ilgroglio.it\/wp-content\/uploads\/2024\/03\/e4624df4-d640-4023-a819-06b77f17c2d9_2_25795-160416646338905.jpeg\",\"contentUrl\":\"https:\/\/ilgroglio.it\/wp-content\/uploads\/2024\/03\/e4624df4-d640-4023-a819-06b77f17c2d9_2_25795-160416646338905.jpeg\",\"width\":960,\"height\":640},{\"@type\":\"BreadcrumbList\",\"@id\":\"https:\/\/ilgroglio.it\/index.php\/chi-siamo\/#breadcrumb\",\"itemListElement\":[{\"@type\":\"ListItem\",\"position\":1,\"name\":\"Home\",\"item\":\"https:\/\/ilgroglio.it\/\"},{\"@type\":\"ListItem\",\"position\":2,\"name\":\"Chi Siamo\"}]},{\"@type\":\"WebSite\",\"@id\":\"https:\/\/ilgroglio.it\/#website\",\"url\":\"https:\/\/ilgroglio.it\/\",\"name\":\"Il groglio\",\"description\":\"\",\"publisher\":{\"@id\":\"https:\/\/ilgroglio.it\/#organization\"},\"potentialAction\":[{\"@type\":\"SearchAction\",\"target\":{\"@type\":\"EntryPoint\",\"urlTemplate\":\"https:\/\/ilgroglio.it\/?s={search_term_string}\"},\"query-input\":{\"@type\":\"PropertyValueSpecification\",\"valueRequired\":true,\"valueName\":\"search_term_string\"}}],\"inLanguage\":\"it-IT\"},{\"@type\":\"Organization\",\"@id\":\"https:\/\/ilgroglio.it\/#organization\",\"name\":\"Il groglio\",\"url\":\"https:\/\/ilgroglio.it\/\",\"logo\":{\"@type\":\"ImageObject\",\"inLanguage\":\"it-IT\",\"@id\":\"https:\/\/ilgroglio.it\/#\/schema\/logo\/image\/\",\"url\":\"https:\/\/ilgroglio.it\/wp-content\/uploads\/2024\/03\/cropped-il-groglio-1024x390-1.png\",\"contentUrl\":\"https:\/\/ilgroglio.it\/wp-content\/uploads\/2024\/03\/cropped-il-groglio-1024x390-1.png\",\"width\":1024,\"height\":390,\"caption\":\"Il groglio\"},\"image\":{\"@id\":\"https:\/\/ilgroglio.it\/#\/schema\/logo\/image\/\"}}]}<\/script>\n<!-- \/ Yoast SEO plugin. -->","yoast_head_json":{"title":"Chi siamo - Il Groglio","description":"Chi siamo: la storia de Il Groglio, una famiglia che da oltre 50 anni unisce tradizione, passione e ospitalit\u00e0 nel cuore del Piemonte.","robots":{"index":"index","follow":"follow","max-snippet":"max-snippet:-1","max-image-preview":"max-image-preview:large","max-video-preview":"max-video-preview:-1"},"canonical":"https:\/\/ilgroglio.it\/index.php\/chi-siamo\/","og_locale":"it_IT","og_type":"article","og_title":"Chi siamo - Il Groglio","og_description":"Chi siamo: la storia de Il Groglio, una famiglia che da oltre 50 anni unisce tradizione, passione e ospitalit\u00e0 nel cuore del Piemonte.","og_url":"https:\/\/ilgroglio.it\/index.php\/chi-siamo\/","og_site_name":"Il groglio","article_modified_time":"2025-11-03T14:25:57+00:00","og_image":[{"url":"https:\/\/ilgroglio.it\/wp-content\/uploads\/2024\/03\/e4624df4-d640-4023-a819-06b77f17c2d9_2_25795-160416646338905.jpeg","type":"","width":"","height":""}],"twitter_card":"summary_large_image","twitter_misc":{"Tempo di lettura stimato":"8 minuti"},"schema":{"@context":"https:\/\/schema.org","@graph":[{"@type":"WebPage","@id":"https:\/\/ilgroglio.it\/index.php\/chi-siamo\/","url":"https:\/\/ilgroglio.it\/index.php\/chi-siamo\/","name":"Chi siamo - Il Groglio","isPartOf":{"@id":"https:\/\/ilgroglio.it\/#website"},"primaryImageOfPage":{"@id":"https:\/\/ilgroglio.it\/index.php\/chi-siamo\/#primaryimage"},"image":{"@id":"https:\/\/ilgroglio.it\/index.php\/chi-siamo\/#primaryimage"},"thumbnailUrl":"https:\/\/ilgroglio.it\/wp-content\/uploads\/2024\/03\/e4624df4-d640-4023-a819-06b77f17c2d9_2_25795-160416646338905.jpeg","datePublished":"2025-04-07T12:43:18+00:00","dateModified":"2025-11-03T14:25:57+00:00","description":"Chi siamo: la storia de Il Groglio, una famiglia che da oltre 50 anni unisce tradizione, passione e ospitalit\u00e0 nel cuore del Piemonte.","breadcrumb":{"@id":"https:\/\/ilgroglio.it\/index.php\/chi-siamo\/#breadcrumb"},"inLanguage":"it-IT","potentialAction":[{"@type":"ReadAction","target":["https:\/\/ilgroglio.it\/index.php\/chi-siamo\/"]}]},{"@type":"ImageObject","inLanguage":"it-IT","@id":"https:\/\/ilgroglio.it\/index.php\/chi-siamo\/#primaryimage","url":"https:\/\/ilgroglio.it\/wp-content\/uploads\/2024\/03\/e4624df4-d640-4023-a819-06b77f17c2d9_2_25795-160416646338905.jpeg","contentUrl":"https:\/\/ilgroglio.it\/wp-content\/uploads\/2024\/03\/e4624df4-d640-4023-a819-06b77f17c2d9_2_25795-160416646338905.jpeg","width":960,"height":640},{"@type":"BreadcrumbList","@id":"https:\/\/ilgroglio.it\/index.php\/chi-siamo\/#breadcrumb","itemListElement":[{"@type":"ListItem","position":1,"name":"Home","item":"https:\/\/ilgroglio.it\/"},{"@type":"ListItem","position":2,"name":"Chi Siamo"}]},{"@type":"WebSite","@id":"https:\/\/ilgroglio.it\/#website","url":"https:\/\/ilgroglio.it\/","name":"Il groglio","description":"","publisher":{"@id":"https:\/\/ilgroglio.it\/#organization"},"potentialAction":[{"@type":"SearchAction","target":{"@type":"EntryPoint","urlTemplate":"https:\/\/ilgroglio.it\/?s={search_term_string}"},"query-input":{"@type":"PropertyValueSpecification","valueRequired":true,"valueName":"search_term_string"}}],"inLanguage":"it-IT"},{"@type":"Organization","@id":"https:\/\/ilgroglio.it\/#organization","name":"Il groglio","url":"https:\/\/ilgroglio.it\/","logo":{"@type":"ImageObject","inLanguage":"it-IT","@id":"https:\/\/ilgroglio.it\/#\/schema\/logo\/image\/","url":"https:\/\/ilgroglio.it\/wp-content\/uploads\/2024\/03\/cropped-il-groglio-1024x390-1.png","contentUrl":"https:\/\/ilgroglio.it\/wp-content\/uploads\/2024\/03\/cropped-il-groglio-1024x390-1.png","width":1024,"height":390,"caption":"Il groglio"},"image":{"@id":"https:\/\/ilgroglio.it\/#\/schema\/logo\/image\/"}}]}},"_links":{"self":[{"href":"https:\/\/ilgroglio.it\/index.php\/wp-json\/wp\/v2\/pages\/284","targetHints":{"allow":["GET"]}}],"collection":[{"href":"https:\/\/ilgroglio.it\/index.php\/wp-json\/wp\/v2\/pages"}],"about":[{"href":"https:\/\/ilgroglio.it\/index.php\/wp-json\/wp\/v2\/types\/page"}],"author":[{"embeddable":true,"href":"https:\/\/ilgroglio.it\/index.php\/wp-json\/wp\/v2\/users\/1"}],"replies":[{"embeddable":true,"href":"https:\/\/ilgroglio.it\/index.php\/wp-json\/wp\/v2\/comments?post=284"}],"version-history":[{"count":4,"href":"https:\/\/ilgroglio.it\/index.php\/wp-json\/wp\/v2\/pages\/284\/revisions"}],"predecessor-version":[{"id":343,"href":"https:\/\/ilgroglio.it\/index.php\/wp-json\/wp\/v2\/pages\/284\/revisions\/343"}],"wp:attachment":[{"href":"https:\/\/ilgroglio.it\/index.php\/wp-json\/wp\/v2\/media?parent=284"}],"curies":[{"name":"wp","href":"https:\/\/api.w.org\/{rel}","templated":true}]}}