{"id":288,"date":"2025-04-07T12:43:54","date_gmt":"2025-04-07T12:43:54","guid":{"rendered":"https:\/\/ilgroglio.it\/?page_id=288"},"modified":"2025-11-03T14:34:25","modified_gmt":"2025-11-03T14:34:25","slug":"la-nostra-cucina-interna","status":"publish","type":"page","link":"https:\/\/ilgroglio.it\/index.php\/la-nostra-cucina-interna\/","title":{"rendered":"La nostra Cucina Interna"},"content":{"rendered":"\t\t<div data-elementor-type=\"wp-page\" data-elementor-id=\"288\" class=\"elementor elementor-288\" data-elementor-post-type=\"page\">\n\t\t\t\t<div class=\"elementor-element elementor-element-ab97bd2 e-con-full e-flex e-con e-parent\" data-id=\"ab97bd2\" data-element_type=\"container\" data-settings=\"{&quot;background_background&quot;:&quot;classic&quot;}\">\n\t\t<div class=\"elementor-element elementor-element-b1239c3 e-con-full e-flex e-con e-child\" data-id=\"b1239c3\" data-element_type=\"container\">\n\t\t<div class=\"elementor-element elementor-element-42bf7cb e-flex e-con-boxed elementor-invisible e-con e-child\" data-id=\"42bf7cb\" data-element_type=\"container\" data-settings=\"{&quot;animation&quot;:&quot;fadeInLeft&quot;}\">\n\t\t\t\t\t<div class=\"e-con-inner\">\n\t\t\t\t<div class=\"elementor-element elementor-element-c3e5c45 elementor-widget elementor-widget-video\" data-id=\"c3e5c45\" data-element_type=\"widget\" data-settings=\"{&quot;video_type&quot;:&quot;hosted&quot;,&quot;controls&quot;:&quot;yes&quot;}\" data-widget_type=\"video.default\">\n\t\t\t\t<div class=\"elementor-widget-container\">\n\t\t\t\t\t\t\t<div class=\"e-hosted-video elementor-wrapper elementor-open-inline\">\n\t\t\t\t\t<video class=\"elementor-video\" src=\"https:\/\/ilgroglio.it\/wp-content\/uploads\/2025\/06\/Il%20Groglio%20-%20Cucina%20HD%20(2).mp4\" controls=\"\" preload=\"metadata\" controlsList=\"nodownload\"><\/video>\n\t\t\t\t<\/div>\n\t\t\t\t\t\t<\/div>\n\t\t\t\t<\/div>\n\t\t\t\t<div class=\"elementor-element elementor-element-f50dc89 elementor-widget elementor-widget-image\" data-id=\"f50dc89\" data-element_type=\"widget\" data-widget_type=\"image.default\">\n\t\t\t\t<div class=\"elementor-widget-container\">\n\t\t\t\t\t\t\t\t\t\t\t\t\t\t\t<img fetchpriority=\"high\" decoding=\"async\" width=\"683\" height=\"1024\" src=\"https:\/\/ilgroglio.it\/wp-content\/uploads\/2025\/04\/791GI1_9182-683x1024.jpg\" class=\"attachment-large size-large wp-image-378\" alt=\"\" srcset=\"https:\/\/ilgroglio.it\/wp-content\/uploads\/2025\/04\/791GI1_9182-683x1024.jpg 683w, https:\/\/ilgroglio.it\/wp-content\/uploads\/2025\/04\/791GI1_9182-200x300.jpg 200w, https:\/\/ilgroglio.it\/wp-content\/uploads\/2025\/04\/791GI1_9182-768x1152.jpg 768w, https:\/\/ilgroglio.it\/wp-content\/uploads\/2025\/04\/791GI1_9182-1024x1536.jpg 1024w, https:\/\/ilgroglio.it\/wp-content\/uploads\/2025\/04\/791GI1_9182-1366x2048.jpg 1366w, https:\/\/ilgroglio.it\/wp-content\/uploads\/2025\/04\/791GI1_9182-scaled.jpg 1707w\" sizes=\"(max-width: 683px) 100vw, 683px\" \/>\t\t\t\t\t\t\t\t\t\t\t\t\t\t\t<\/div>\n\t\t\t\t<\/div>\n\t\t\t\t\t<\/div>\n\t\t\t\t<\/div>\n\t\t<div class=\"elementor-element elementor-element-a7b6193 e-flex e-con-boxed e-con e-child\" data-id=\"a7b6193\" data-element_type=\"container\" data-settings=\"{&quot;motion_fx_motion_fx_scrolling&quot;:&quot;yes&quot;,&quot;motion_fx_translateY_effect&quot;:&quot;yes&quot;,&quot;motion_fx_translateY_direction&quot;:&quot;negative&quot;,&quot;motion_fx_translateY_speed&quot;:{&quot;unit&quot;:&quot;px&quot;,&quot;size&quot;:4,&quot;sizes&quot;:[]},&quot;motion_fx_translateY_affectedRange&quot;:{&quot;unit&quot;:&quot;%&quot;,&quot;size&quot;:&quot;&quot;,&quot;sizes&quot;:{&quot;start&quot;:0,&quot;end&quot;:100}},&quot;motion_fx_devices&quot;:[&quot;desktop&quot;,&quot;tablet&quot;,&quot;mobile&quot;]}\">\n\t\t\t\t\t<div class=\"e-con-inner\">\n\t\t\t\t<div class=\"elementor-element elementor-element-887d06a elementor-invisible elementor-widget elementor-widget-heading\" data-id=\"887d06a\" data-element_type=\"widget\" data-settings=\"{&quot;_animation&quot;:&quot;fadeInRight&quot;}\" data-widget_type=\"heading.default\">\n\t\t\t\t<div class=\"elementor-widget-container\">\n\t\t\t\t\t<h2 class=\"elementor-heading-title elementor-size-default\">Cucina del territorio innovativa<\/h2>\t\t\t\t<\/div>\n\t\t\t\t<\/div>\n\t\t\t\t<div class=\"elementor-element elementor-element-7a3034a elementor-invisible elementor-widget elementor-widget-text-editor\" data-id=\"7a3034a\" data-element_type=\"widget\" data-settings=\"{&quot;_animation&quot;:&quot;fadeInRight&quot;,&quot;_animation_delay&quot;:100}\" data-widget_type=\"text-editor.default\">\n\t\t\t\t<div class=\"elementor-widget-container\">\n\t\t\t\t\t\t\t\t\t<p><span style=\"font-weight: 400;\">Offriamo una <\/span><b>cucina tipica del territorio piemontese<\/b><span style=\"font-weight: 400;\">, con il nostro servizio di <\/span><b>catering interno<\/b><span style=\"font-weight: 400;\"> gestito da una squadra ben rodata e affiatata, ed un men\u00f9 totalmente personalizzabile. Garantiamo la freschezza degli ingredienti a km zero e la genuinit\u00e0 delle pietanze.<\/span><\/p><p><span style=\"font-weight: 400;\">Abbiamo la possibilit\u00e0 di creare men\u00f9 personalizzati in caso di allergie e intolleranze alimentari, men\u00f9 speciali per vegani e vegetariani o per altre esigenze di salute.<\/span><span style=\"font-weight: 400;\"><br \/><\/span><span style=\"font-weight: 400;\"><br \/><br \/><\/span><\/p><p><span style=\"font-weight: 400;\">E perch\u00e9 chi segue diete particolari non debba rinunciare all\u2019aperitivo, proponiamo delle box personalizzate, quasi come fossero delle bomboniere, che consegniamo personalmente agli ospiti interessati, per evitare fraintendimenti. <\/span><span style=\"font-weight: 400;\"><br \/><\/span><span style=\"font-weight: 400;\"><br \/><br \/><\/span><\/p><p><span style=\"font-weight: 400;\">Se stai cercando una location in cui tutti gli spazi sono a tua completa disposizione, in cui decidere in ogni fase del tuo evento come utilizzarli a tuo piacimento, Il Groglio \u00e8 per te!<\/span><\/p><p><span style=\"font-weight: 400;\">Immagina di poter decidere di fare il taglio torta a bordo piscina, oppure in giardino o in qualsiasi altra zona desideri&#8230;<\/span><\/p><p><span style=\"font-weight: 400;\">Non sarebbe tutta un&#8217;altra storia? Da noi puoi farlo!<\/span><\/p><p><b>Noi non poniamo limiti. Diciamo NO ai vincoli, alla rigidit\u00e0 e alle imposizioni!<\/b><\/p>\t\t\t\t\t\t\t\t<\/div>\n\t\t\t\t<\/div>\n\t\t\t\t\t<\/div>\n\t\t\t\t<\/div>\n\t\t\t\t<\/div>\n\t\t\t\t<\/div>\n\t\t\t\t<\/div>\n\t\t","protected":false},"excerpt":{"rendered":"<p>https:\/\/ilgroglio.it\/wp-content\/uploads\/2025\/06\/Il%20Groglio%20-%20Cucina%20HD%20(2).mp4 Cucina del territorio innovativa Offriamo una cucina tipica del territorio piemontese, con il nostro servizio di catering interno gestito da una squadra ben rodata e affiatata, ed un men\u00f9 totalmente personalizzabile. Garantiamo la freschezza degli ingredienti a km zero e la genuinit\u00e0 delle pietanze. Abbiamo la possibilit\u00e0 di creare men\u00f9 personalizzati in caso di [&hellip;]<\/p>\n","protected":false},"author":1,"featured_media":0,"parent":0,"menu_order":0,"comment_status":"closed","ping_status":"closed","template":"elementor_header_footer","meta":{"footnotes":""},"class_list":["post-288","page","type-page","status-publish","hentry"],"yoast_head":"<!-- This site is optimized with the Yoast SEO plugin v26.2 - https:\/\/yoast.com\/wordpress\/plugins\/seo\/ -->\n<title>La nostra Cucina Interna - Il Groglio<\/title>\n<meta name=\"description\" content=\"La nostra cucina interna - Il Groglio: tradizione, passione e ingredienti genuini per piatti che raccontano l\u2019essenza del Piemonte.\" \/>\n<meta name=\"robots\" content=\"index, follow, max-snippet:-1, max-image-preview:large, max-video-preview:-1\" \/>\n<link rel=\"canonical\" href=\"https:\/\/ilgroglio.it\/index.php\/la-nostra-cucina-interna\/\" \/>\n<meta property=\"og:locale\" content=\"it_IT\" \/>\n<meta property=\"og:type\" content=\"article\" \/>\n<meta property=\"og:title\" content=\"La nostra Cucina Interna - Il Groglio\" \/>\n<meta property=\"og:description\" content=\"La nostra cucina interna - Il Groglio: tradizione, passione e ingredienti genuini per piatti che raccontano l\u2019essenza del Piemonte.\" \/>\n<meta property=\"og:url\" content=\"https:\/\/ilgroglio.it\/index.php\/la-nostra-cucina-interna\/\" \/>\n<meta property=\"og:site_name\" content=\"Il groglio\" \/>\n<meta property=\"article:modified_time\" content=\"2025-11-03T14:34:25+00:00\" \/>\n<meta property=\"og:image\" content=\"https:\/\/ilgroglio.it\/wp-content\/uploads\/2025\/04\/791GI1_9182-683x1024.jpg\" \/>\n<meta name=\"twitter:card\" content=\"summary_large_image\" \/>\n<meta name=\"twitter:label1\" content=\"Tempo di lettura stimato\" \/>\n\t<meta name=\"twitter:data1\" content=\"2 minuti\" \/>\n<script type=\"application\/ld+json\" class=\"yoast-schema-graph\">{\"@context\":\"https:\/\/schema.org\",\"@graph\":[{\"@type\":\"WebPage\",\"@id\":\"https:\/\/ilgroglio.it\/index.php\/la-nostra-cucina-interna\/\",\"url\":\"https:\/\/ilgroglio.it\/index.php\/la-nostra-cucina-interna\/\",\"name\":\"La nostra Cucina Interna - Il Groglio\",\"isPartOf\":{\"@id\":\"https:\/\/ilgroglio.it\/#website\"},\"primaryImageOfPage\":{\"@id\":\"https:\/\/ilgroglio.it\/index.php\/la-nostra-cucina-interna\/#primaryimage\"},\"image\":{\"@id\":\"https:\/\/ilgroglio.it\/index.php\/la-nostra-cucina-interna\/#primaryimage\"},\"thumbnailUrl\":\"https:\/\/ilgroglio.it\/wp-content\/uploads\/2025\/04\/791GI1_9182-683x1024.jpg\",\"datePublished\":\"2025-04-07T12:43:54+00:00\",\"dateModified\":\"2025-11-03T14:34:25+00:00\",\"description\":\"La nostra cucina interna - Il Groglio: tradizione, passione e ingredienti genuini per piatti che raccontano l\u2019essenza del Piemonte.\",\"breadcrumb\":{\"@id\":\"https:\/\/ilgroglio.it\/index.php\/la-nostra-cucina-interna\/#breadcrumb\"},\"inLanguage\":\"it-IT\",\"potentialAction\":[{\"@type\":\"ReadAction\",\"target\":[\"https:\/\/ilgroglio.it\/index.php\/la-nostra-cucina-interna\/\"]}]},{\"@type\":\"ImageObject\",\"inLanguage\":\"it-IT\",\"@id\":\"https:\/\/ilgroglio.it\/index.php\/la-nostra-cucina-interna\/#primaryimage\",\"url\":\"https:\/\/ilgroglio.it\/wp-content\/uploads\/2025\/04\/791GI1_9182-scaled.jpg\",\"contentUrl\":\"https:\/\/ilgroglio.it\/wp-content\/uploads\/2025\/04\/791GI1_9182-scaled.jpg\",\"width\":1707,\"height\":2560},{\"@type\":\"BreadcrumbList\",\"@id\":\"https:\/\/ilgroglio.it\/index.php\/la-nostra-cucina-interna\/#breadcrumb\",\"itemListElement\":[{\"@type\":\"ListItem\",\"position\":1,\"name\":\"Home\",\"item\":\"https:\/\/ilgroglio.it\/\"},{\"@type\":\"ListItem\",\"position\":2,\"name\":\"La nostra Cucina Interna\"}]},{\"@type\":\"WebSite\",\"@id\":\"https:\/\/ilgroglio.it\/#website\",\"url\":\"https:\/\/ilgroglio.it\/\",\"name\":\"Il groglio\",\"description\":\"\",\"publisher\":{\"@id\":\"https:\/\/ilgroglio.it\/#organization\"},\"potentialAction\":[{\"@type\":\"SearchAction\",\"target\":{\"@type\":\"EntryPoint\",\"urlTemplate\":\"https:\/\/ilgroglio.it\/?s={search_term_string}\"},\"query-input\":{\"@type\":\"PropertyValueSpecification\",\"valueRequired\":true,\"valueName\":\"search_term_string\"}}],\"inLanguage\":\"it-IT\"},{\"@type\":\"Organization\",\"@id\":\"https:\/\/ilgroglio.it\/#organization\",\"name\":\"Il groglio\",\"url\":\"https:\/\/ilgroglio.it\/\",\"logo\":{\"@type\":\"ImageObject\",\"inLanguage\":\"it-IT\",\"@id\":\"https:\/\/ilgroglio.it\/#\/schema\/logo\/image\/\",\"url\":\"https:\/\/ilgroglio.it\/wp-content\/uploads\/2024\/03\/cropped-il-groglio-1024x390-1.png\",\"contentUrl\":\"https:\/\/ilgroglio.it\/wp-content\/uploads\/2024\/03\/cropped-il-groglio-1024x390-1.png\",\"width\":1024,\"height\":390,\"caption\":\"Il groglio\"},\"image\":{\"@id\":\"https:\/\/ilgroglio.it\/#\/schema\/logo\/image\/\"}}]}<\/script>\n<!-- \/ Yoast SEO plugin. -->","yoast_head_json":{"title":"La nostra Cucina Interna - Il Groglio","description":"La nostra cucina interna - Il Groglio: tradizione, passione e ingredienti genuini per piatti che raccontano l\u2019essenza del Piemonte.","robots":{"index":"index","follow":"follow","max-snippet":"max-snippet:-1","max-image-preview":"max-image-preview:large","max-video-preview":"max-video-preview:-1"},"canonical":"https:\/\/ilgroglio.it\/index.php\/la-nostra-cucina-interna\/","og_locale":"it_IT","og_type":"article","og_title":"La nostra Cucina Interna - Il Groglio","og_description":"La nostra cucina interna - Il Groglio: tradizione, passione e ingredienti genuini per piatti che raccontano l\u2019essenza del Piemonte.","og_url":"https:\/\/ilgroglio.it\/index.php\/la-nostra-cucina-interna\/","og_site_name":"Il groglio","article_modified_time":"2025-11-03T14:34:25+00:00","og_image":[{"url":"https:\/\/ilgroglio.it\/wp-content\/uploads\/2025\/04\/791GI1_9182-683x1024.jpg","type":"","width":"","height":""}],"twitter_card":"summary_large_image","twitter_misc":{"Tempo di lettura stimato":"2 minuti"},"schema":{"@context":"https:\/\/schema.org","@graph":[{"@type":"WebPage","@id":"https:\/\/ilgroglio.it\/index.php\/la-nostra-cucina-interna\/","url":"https:\/\/ilgroglio.it\/index.php\/la-nostra-cucina-interna\/","name":"La nostra Cucina Interna - Il Groglio","isPartOf":{"@id":"https:\/\/ilgroglio.it\/#website"},"primaryImageOfPage":{"@id":"https:\/\/ilgroglio.it\/index.php\/la-nostra-cucina-interna\/#primaryimage"},"image":{"@id":"https:\/\/ilgroglio.it\/index.php\/la-nostra-cucina-interna\/#primaryimage"},"thumbnailUrl":"https:\/\/ilgroglio.it\/wp-content\/uploads\/2025\/04\/791GI1_9182-683x1024.jpg","datePublished":"2025-04-07T12:43:54+00:00","dateModified":"2025-11-03T14:34:25+00:00","description":"La nostra cucina interna - Il Groglio: tradizione, passione e ingredienti genuini per piatti che raccontano l\u2019essenza del Piemonte.","breadcrumb":{"@id":"https:\/\/ilgroglio.it\/index.php\/la-nostra-cucina-interna\/#breadcrumb"},"inLanguage":"it-IT","potentialAction":[{"@type":"ReadAction","target":["https:\/\/ilgroglio.it\/index.php\/la-nostra-cucina-interna\/"]}]},{"@type":"ImageObject","inLanguage":"it-IT","@id":"https:\/\/ilgroglio.it\/index.php\/la-nostra-cucina-interna\/#primaryimage","url":"https:\/\/ilgroglio.it\/wp-content\/uploads\/2025\/04\/791GI1_9182-scaled.jpg","contentUrl":"https:\/\/ilgroglio.it\/wp-content\/uploads\/2025\/04\/791GI1_9182-scaled.jpg","width":1707,"height":2560},{"@type":"BreadcrumbList","@id":"https:\/\/ilgroglio.it\/index.php\/la-nostra-cucina-interna\/#breadcrumb","itemListElement":[{"@type":"ListItem","position":1,"name":"Home","item":"https:\/\/ilgroglio.it\/"},{"@type":"ListItem","position":2,"name":"La nostra Cucina Interna"}]},{"@type":"WebSite","@id":"https:\/\/ilgroglio.it\/#website","url":"https:\/\/ilgroglio.it\/","name":"Il groglio","description":"","publisher":{"@id":"https:\/\/ilgroglio.it\/#organization"},"potentialAction":[{"@type":"SearchAction","target":{"@type":"EntryPoint","urlTemplate":"https:\/\/ilgroglio.it\/?s={search_term_string}"},"query-input":{"@type":"PropertyValueSpecification","valueRequired":true,"valueName":"search_term_string"}}],"inLanguage":"it-IT"},{"@type":"Organization","@id":"https:\/\/ilgroglio.it\/#organization","name":"Il groglio","url":"https:\/\/ilgroglio.it\/","logo":{"@type":"ImageObject","inLanguage":"it-IT","@id":"https:\/\/ilgroglio.it\/#\/schema\/logo\/image\/","url":"https:\/\/ilgroglio.it\/wp-content\/uploads\/2024\/03\/cropped-il-groglio-1024x390-1.png","contentUrl":"https:\/\/ilgroglio.it\/wp-content\/uploads\/2024\/03\/cropped-il-groglio-1024x390-1.png","width":1024,"height":390,"caption":"Il groglio"},"image":{"@id":"https:\/\/ilgroglio.it\/#\/schema\/logo\/image\/"}}]}},"_links":{"self":[{"href":"https:\/\/ilgroglio.it\/index.php\/wp-json\/wp\/v2\/pages\/288","targetHints":{"allow":["GET"]}}],"collection":[{"href":"https:\/\/ilgroglio.it\/index.php\/wp-json\/wp\/v2\/pages"}],"about":[{"href":"https:\/\/ilgroglio.it\/index.php\/wp-json\/wp\/v2\/types\/page"}],"author":[{"embeddable":true,"href":"https:\/\/ilgroglio.it\/index.php\/wp-json\/wp\/v2\/users\/1"}],"replies":[{"embeddable":true,"href":"https:\/\/ilgroglio.it\/index.php\/wp-json\/wp\/v2\/comments?post=288"}],"version-history":[{"count":16,"href":"https:\/\/ilgroglio.it\/index.php\/wp-json\/wp\/v2\/pages\/288\/revisions"}],"predecessor-version":[{"id":504,"href":"https:\/\/ilgroglio.it\/index.php\/wp-json\/wp\/v2\/pages\/288\/revisions\/504"}],"wp:attachment":[{"href":"https:\/\/ilgroglio.it\/index.php\/wp-json\/wp\/v2\/media?parent=288"}],"curies":[{"name":"wp","href":"https:\/\/api.w.org\/{rel}","templated":true}]}}